{"id":1913,"date":"2025-03-20T12:44:02","date_gmt":"2025-03-20T12:44:02","guid":{"rendered":"https:\/\/annecy-travel-coach.com\/?page_id=1913"},"modified":"2025-04-14T13:46:50","modified_gmt":"2025-04-14T13:46:50","slug":"legal-notice","status":"publish","type":"page","link":"https:\/\/annecy-travel-coach.com\/en\/legal-notice\/","title":{"rendered":"Terms of use"},"content":{"rendered":"<div class='breakdance'><section class=\"bde-section-1913-100 bde-section\" data-element=\"{&quot;id&quot;:100,&quot;data&quot;:{&quot;type&quot;:&quot;EssentialElements\\\\Section&quot;,&quot;properties&quot;:{&quot;design&quot;:{&quot;layout_v2&quot;:{&quot;layout&quot;:&quot;vertical&quot;,&quot;v_align&quot;:{&quot;breakpoint_base&quot;:&quot;center&quot;},&quot;v_vertical_align&quot;:{&quot;breakpoint_base&quot;:&quot;center&quot;}},&quot;background&quot;:{&quot;type&quot;:&quot;image&quot;,&quot;image&quot;:{&quot;breakpoint_base&quot;:{&quot;id&quot;:1904,&quot;filename&quot;:&quot;11.png&quot;,&quot;url&quot;:&quot;https:\\\/\\\/annecy-travel-coach.com\\\/wp-content\\\/uploads\\\/2025\\\/03\\\/11.png&quot;,&quot;alt&quot;:&quot;&quot;,&quot;caption&quot;:&quot;&quot;,&quot;mime&quot;:&quot;image\\\/png&quot;,&quot;type&quot;:&quot;image&quot;,&quot;sizes&quot;:{&quot;thumbnail&quot;:{&quot;height&quot;:150,&quot;width&quot;:150,&quot;url&quot;:&quot;https:\\\/\\\/annecy-travel-coach.com\\\/wp-content\\\/uploads\\\/2025\\\/03\\\/11-150x150.png&quot;,&quot;orientation&quot;:&quot;landscape&quot;},&quot;medium&quot;:{&quot;height&quot;:300,&quot;width&quot;:300,&quot;url&quot;:&quot;https:\\\/\\\/annecy-travel-coach.com\\\/wp-content\\\/uploads\\\/2025\\\/03\\\/11-300x300.png&quot;,&quot;orientation&quot;:&quot;landscape&quot;},&quot;large&quot;:{&quot;height&quot;:1024,&quot;width&quot;:1024,&quot;url&quot;:&quot;https:\\\/\\\/annecy-travel-coach.com\\\/wp-content\\\/uploads\\\/2025\\\/03\\\/11-1024x1024.png&quot;,&quot;orientation&quot;:&quot;landscape&quot;},&quot;medium_large&quot;:{&quot;height&quot;:768,&quot;width&quot;:768,&quot;url&quot;:&quot;https:\\\/\\\/annecy-travel-coach.com\\\/wp-content\\\/uploads\\\/2025\\\/03\\\/11-768x768.png&quot;,&quot;orientation&quot;:&quot;landscape&quot;},&quot;full&quot;:{&quot;url&quot;:&quot;https:\\\/\\\/annecy-travel-coach.com\\\/wp-content\\\/uploads\\\/2025\\\/03\\\/11.png&quot;,&quot;height&quot;:1080,&quot;width&quot;:1080,&quot;orientation&quot;:&quot;landscape&quot;}},&quot;attributes&quot;:{&quot;srcset&quot;:&quot;https:\\\/\\\/annecy-travel-coach.com\\\/wp-content\\\/uploads\\\/2025\\\/03\\\/11.png 1080w, https:\\\/\\\/annecy-travel-coach.com\\\/wp-content\\\/uploads\\\/2025\\\/03\\\/11-300x300.png 300w, https:\\\/\\\/annecy-travel-coach.com\\\/wp-content\\\/uploads\\\/2025\\\/03\\\/11-1024x1024.png 1024w, https:\\\/\\\/annecy-travel-coach.com\\\/wp-content\\\/uploads\\\/2025\\\/03\\\/11-150x150.png 150w, https:\\\/\\\/annecy-travel-coach.com\\\/wp-content\\\/uploads\\\/2025\\\/03\\\/11-768x768.png 768w&quot;,&quot;sizes&quot;:&quot;(max-width: 1080px) 100vw, 1080px&quot;}}}},&quot;size&quot;:{&quot;height&quot;:{&quot;breakpoint_base&quot;:&quot;custom&quot;,&quot;breakpoint_phone_portrait&quot;:&quot;viewport&quot;},&quot;custom_height&quot;:{&quot;breakpoint_base&quot;:{&quot;number&quot;:80,&quot;unit&quot;:&quot;vh&quot;,&quot;style&quot;:&quot;80vh&quot;}}}}}},&quot;children&quot;:[{&quot;id&quot;:102,&quot;data&quot;:{&quot;type&quot;:&quot;EssentialElements\\\\Heading&quot;,&quot;properties&quot;:{&quot;content&quot;:{&quot;content&quot;:{&quot;text&quot;:&quot;MENTIONS L\\u00e9gales&quot;,&quot;tags&quot;:&quot;h1&quot;}},&quot;design&quot;:{&quot;typography&quot;:{&quot;color&quot;:{&quot;breakpoint_base&quot;:&quot;var(--bde-palette-color-1)&quot;},&quot;text_align&quot;:{&quot;breakpoint_base&quot;:&quot;center&quot;},&quot;typography&quot;:{&quot;custom&quot;:{&quot;customTypography&quot;:{&quot;advanced&quot;:{&quot;textTransform&quot;:{&quot;breakpoint_base&quot;:&quot;uppercase&quot;}}}}}}}}},&quot;children&quot;:[],&quot;_parentId&quot;:100}],&quot;_parentId&quot;:1}\">\n  \n  \n\t\n\n\n\n<div class=\"section-container\"><h1 class=\"bde-heading-1913-102 bde-heading\">\nLegal Notice\n<\/h1><\/div>\n<\/section><section class=\"bde-section-1913-103 bde-section\" data-element=\"{&quot;id&quot;:103,&quot;data&quot;:{&quot;type&quot;:&quot;EssentialElements\\\\Section&quot;,&quot;properties&quot;:{&quot;design&quot;:{&quot;layout_v2&quot;:{&quot;layout&quot;:&quot;vertical&quot;}}}},&quot;children&quot;:[{&quot;id&quot;:104,&quot;data&quot;:{&quot;type&quot;:&quot;EssentialElements\\\\RichText&quot;,&quot;properties&quot;:{&quot;content&quot;:{&quot;content&quot;:{&quot;text&quot;:&quot;&lt;h3 class=\\&quot;wp-block-heading\\&quot;&gt;\\u00c9diteur&lt;\\\/h3&gt;\\n&lt;p&gt;Ce site est \\u00e9dit\\u00e9 par annecy-travel-coach.com.&lt;br \\\/&gt;Si\\u00e8ge social : 897 route de la R\\u00e9sistance, Filli\\u00e8re, Auvergne-Rh\\u00f4ne-Alpes 74370, France&lt;br \\\/&gt;Email : hello@annecy-travel-coach.com\\u00a0&lt;br \\\/&gt;&lt;br \\\/&gt;&lt;\\\/p&gt;\\n&lt;h3 class=\\&quot;kt-adv-heading2477_c5bffb-87 wp-block-kadence-advancedheading\\&quot; data-kb-block=\\&quot;kb-adv-heading2477_c5bffb-87\\&quot;&gt;H\\u00e9bergeur&lt;\\\/h3&gt;\\n&lt;p&gt;Ce site est h\\u00e9berg\\u00e9 par HOSTINGER&lt;\\\/p&gt;\\n&lt;p&gt;HOSTINGER operations, UAB&lt;\\\/p&gt;\\n&lt;p&gt;\\u0160vitrigailos str. 34, Vilnius 03230 Lithuania&lt;\\\/p&gt;\\n&lt;p&gt;Phone:\\u00a0&lt;a href=\\&quot;tel:+37064503378\\&quot;&gt;+37064503378&lt;\\\/a&gt;&lt;\\\/p&gt;\\n&lt;p&gt;Email:\\u00a0&lt;a href=\\&quot;mailto:domains@hostinger.com\\&quot;&gt;domains@hostinger.com&lt;\\\/a&gt;&lt;\\\/p&gt;\\n&lt;h3 class=\\&quot;kt-adv-heading2477_33856b-84 wp-block-kadence-advancedheading\\&quot; data-kb-block=\\&quot;kb-adv-heading2477_33856b-84\\&quot;&gt;Informatiques &amp;amp; Libert\\u00e9s&lt;\\\/h3&gt;\\n&lt;p&gt;Les donn\\u00e9es personnelles collect\\u00e9es par les formulaires de ce site sont uniquement destin\\u00e9es \\u00e0 un usage interne. En aucun cas ces donn\\u00e9es ne seront c\\u00e9d\\u00e9es, communiqu\\u00e9es ou vendues \\u00e0 des tiers.&lt;\\\/p&gt;\\n&lt;p&gt;Votre adresse e-mail sera utilis\\u00e9e pour r\\u00e9pondre \\u00e0 une demande de contact e-mail.&lt;br \\\/&gt;Conform\\u00e9ment \\u00e0 la loi \\u00ab informatique et libert\\u00e9s \\u00bb du 6 janvier 1978 modifi\\u00e9e en 2004, vous b\\u00e9n\\u00e9ficiez d\\u2019un droit d\\u2019acc\\u00e8s et de rectification aux informations qui vous concernent, que vous pouvez exercer en nous adressant un email sur hello@annecy-travel-coach.com.&lt;\\\/p&gt;\\n&lt;h3 class=\\&quot;kt-adv-heading2477_00f957-2b wp-block-kadence-advancedheading\\&quot; data-kb-block=\\&quot;kb-adv-heading2477_00f957-2b\\&quot;&gt;Cookies&lt;\\\/h3&gt;\\n&lt;p&gt;Les cookies sont des informations qui sont transmises d\\u2019un site Internet \\u00e0 votre disque dur afin d\\u2019enregistrer des donn\\u00e9es facilitant la navigation sur notre site Internet. Ce site utilise des cookies notamment pour conna\\u00eetre les statistiques visiteurs via l\\u2019outil Google Analytics.&lt;br \\\/&gt;Si vous ne souhaitez pas que des cookies enregistrent vos actions, vous pouvez les d\\u00e9sactiver via une option de votre navigateur.&lt;\\\/p&gt;&quot;}}}},&quot;children&quot;:[],&quot;_parentId&quot;:103}],&quot;_parentId&quot;:1}\">\n  \n  \n\t\n\n\n\n<div class=\"section-container\"><div class=\"bde-rich-text-1913-104 bde-rich-text breakdance-rich-text-styles\">\n<h3 class=\"wp-block-heading\">Publisher<\/h3>\n<p>This site is published by annecy-travel-coach.com.<br \/>Head office: 897 route de la R\u00e9sistance, Filli\u00e8re, Auvergne-Rh\u00f4ne-Alpes 74370, France<br \/>Email : hello@annecy-travel-coach.com\u00a0<br \/><br \/><\/p>\n<h3 class=\"kt-adv-heading2477_c5bffb-87 wp-block-kadence-advancedheading\" data-kb-block=\"kb-adv-heading2477_c5bffb-87\">Host<\/h3>\n<p>This site is hosted by HOSTINGER<\/p>\n<p>HOSTINGER operations, UAB<\/p>\n<p>\u0160vitrigailos str. 34, Vilnius 03230 Lithuania<\/p>\n<p>Phone:\u00a0<a href=\"tel:+37064503378\">+37064503378<\/a><\/p>\n<p>Email:\u00a0<a href=\"mailto:domains@hostinger.com\">domains@hostinger.com<\/a><\/p>\n<h3 class=\"kt-adv-heading2477_33856b-84 wp-block-kadence-advancedheading\" data-kb-block=\"kb-adv-heading2477_33856b-84\">Informatiques &amp; Libert\u00e9s<\/h3>\n<p>The personal data collected via the forms on this site are for internal use only. Under no circumstances will this data be transferred, communicated or sold to third parties.<\/p>\n<p>Your e-mail address will be used to respond to an e-mail contact request.<br \/>In accordance with the French Data Protection Act of January 6, 1978, amended in 2004, you have the right to access and rectify information concerning you, which you may exercise by sending us an e-mail to hello@annecy-travel-coach.com.<\/p>\n<h3 class=\"kt-adv-heading2477_00f957-2b wp-block-kadence-advancedheading\" data-kb-block=\"kb-adv-heading2477_00f957-2b\">Cookies<\/h3>\n<p>Cookies are pieces of information that are transmitted from a website to your hard drive in order to record data that facilitates navigation on our website. This site uses cookies in particular to track visitor statistics via the Google Analytics tool.<br \/>If you do not want cookies to record your actions, you can deactivate them via an option in your browser.<\/p>\n<\/div><\/div>\n<\/section><\/div>","protected":false},"excerpt":{"rendered":"<p>MENTIONS L\u00e9gales \u00c9diteur Ce site est \u00e9dit\u00e9 par annecy-travel-coach.com.Si\u00e8ge social : 897 route de la R\u00e9sistance, Filli\u00e8re, Auvergne-Rh\u00f4ne-Alpes 74370, FranceEmail : hello@annecy-travel-coach.com\u00a0 H\u00e9bergeur Ce site est h\u00e9berg\u00e9 par HOSTINGER HOSTINGER operations, UAB \u0160vitrigailos str. 34, Vilnius 03230 Lithuania Phone:\u00a0+37064503378 Email:\u00a0domains@hostinger.com Informatiques &amp; Libert\u00e9s Les donn\u00e9es personnelles collect\u00e9es par les formulaires de ce site sont uniquement [&hellip;]<\/p>","protected":false},"author":1,"featured_media":0,"parent":0,"menu_order":0,"comment_status":"closed","ping_status":"closed","template":"","meta":{"_acf_changed":false,"_breakdance_hide_in_design_set":false,"_breakdance_tags":"","footnotes":""},"class_list":["post-1913","page","type-page","status-publish","hentry"],"acf":[],"yoast_head":"<!-- This site is optimized with the Yoast SEO plugin v26.5 - https:\/\/yoast.com\/wordpress\/plugins\/seo\/ -->\n<title>Mentions l\u00e9gales - Annecy Travel Coach<\/title>\n<meta name=\"description\" content=\"Consultez les mentions l\u00e9gales de notre guide touristique d&#039;Annecy. Retrouvez les informations l\u00e9gales, conditions d&#039;utilisation et protection des donn\u00e9es personnelles.\" \/>\n<meta name=\"robots\" content=\"index, follow, max-snippet:-1, max-image-preview:large, max-video-preview:-1\" \/>\n<link rel=\"canonical\" href=\"https:\/\/annecy-travel-coach.com\/en\/legal-notice\/\" \/>\n<meta property=\"og:locale\" content=\"en_US\" \/>\n<meta property=\"og:type\" content=\"article\" \/>\n<meta property=\"og:title\" content=\"Mentions l\u00e9gales - Annecy Travel Coach\" \/>\n<meta property=\"og:description\" content=\"Consultez les mentions l\u00e9gales de notre guide touristique d&#039;Annecy. Retrouvez les informations l\u00e9gales, conditions d&#039;utilisation et protection des donn\u00e9es personnelles.\" \/>\n<meta property=\"og:url\" content=\"https:\/\/annecy-travel-coach.com\/en\/legal-notice\/\" \/>\n<meta property=\"og:site_name\" content=\"Annecy Travel Coach\" \/>\n<meta property=\"article:modified_time\" content=\"2025-04-14T13:46:50+00:00\" \/>\n<meta property=\"og:image\" content=\"https:\/\/annecy-travel-coach.com\/wp-content\/uploads\/2025\/04\/cropped-logo-annecy-travel-coach.png\" \/>\n\t<meta property=\"og:image:width\" content=\"512\" \/>\n\t<meta property=\"og:image:height\" content=\"512\" \/>\n\t<meta property=\"og:image:type\" content=\"image\/png\" \/>\n<meta name=\"twitter:card\" content=\"summary_large_image\" \/>\n<meta name=\"twitter:label1\" content=\"Est. reading time\" \/>\n\t<meta name=\"twitter:data1\" content=\"3 minutes\" \/>\n<script type=\"application\/ld+json\" class=\"yoast-schema-graph\">{\"@context\":\"https:\/\/schema.org\",\"@graph\":[{\"@type\":\"WebPage\",\"@id\":\"https:\/\/annecy-travel-coach.com\/mentions-legales\/\",\"url\":\"https:\/\/annecy-travel-coach.com\/mentions-legales\/\",\"name\":\"Mentions l\u00e9gales - Annecy Travel Coach\",\"isPartOf\":{\"@id\":\"https:\/\/www.annecy-travel-coach.com\/fr\/#website\"},\"datePublished\":\"2025-03-20T12:44:02+00:00\",\"dateModified\":\"2025-04-14T13:46:50+00:00\",\"description\":\"Consultez les mentions l\u00e9gales de notre guide touristique d'Annecy. Retrouvez les informations l\u00e9gales, conditions d'utilisation et protection des donn\u00e9es personnelles.\",\"breadcrumb\":{\"@id\":\"https:\/\/annecy-travel-coach.com\/mentions-legales\/#breadcrumb\"},\"inLanguage\":\"en-US\",\"potentialAction\":[{\"@type\":\"ReadAction\",\"target\":[\"https:\/\/annecy-travel-coach.com\/mentions-legales\/\"]}]},{\"@type\":\"BreadcrumbList\",\"@id\":\"https:\/\/annecy-travel-coach.com\/mentions-legales\/#breadcrumb\",\"itemListElement\":[{\"@type\":\"ListItem\",\"position\":1,\"name\":\"Accueil\",\"item\":\"https:\/\/annecy-travel-coach.com\/\"},{\"@type\":\"ListItem\",\"position\":2,\"name\":\"Mentions l\u00e9gales\"}]},{\"@type\":\"WebSite\",\"@id\":\"https:\/\/www.annecy-travel-coach.com\/fr\/#website\",\"url\":\"https:\/\/www.annecy-travel-coach.com\/fr\/\",\"name\":\"Annecy Travel Coach\",\"description\":\"Le guide qui simplifie votre s\u00e9jour \u00e0 Annecy\",\"publisher\":{\"@id\":\"https:\/\/www.annecy-travel-coach.com\/fr\/#organization\"},\"potentialAction\":[{\"@type\":\"SearchAction\",\"target\":{\"@type\":\"EntryPoint\",\"urlTemplate\":\"https:\/\/www.annecy-travel-coach.com\/fr\/?s={search_term_string}\"},\"query-input\":{\"@type\":\"PropertyValueSpecification\",\"valueRequired\":true,\"valueName\":\"search_term_string\"}}],\"inLanguage\":\"en-US\"},{\"@type\":\"Organization\",\"@id\":\"https:\/\/www.annecy-travel-coach.com\/fr\/#organization\",\"name\":\"Annecy Travel Coach\",\"url\":\"https:\/\/www.annecy-travel-coach.com\/fr\/\",\"logo\":{\"@type\":\"ImageObject\",\"inLanguage\":\"en-US\",\"@id\":\"https:\/\/www.annecy-travel-coach.com\/fr\/#\/schema\/logo\/image\/\",\"url\":\"https:\/\/annecy-travel-coach.com\/wp-content\/uploads\/2025\/04\/cropped-logo-annecy-travel-coach.png\",\"contentUrl\":\"https:\/\/annecy-travel-coach.com\/wp-content\/uploads\/2025\/04\/cropped-logo-annecy-travel-coach.png\",\"width\":512,\"height\":512,\"caption\":\"Annecy Travel Coach\"},\"image\":{\"@id\":\"https:\/\/www.annecy-travel-coach.com\/fr\/#\/schema\/logo\/image\/\"},\"sameAs\":[\"https:\/\/www.instagram.com\/annecy_travel_coach\/\"]}]}<\/script>\n<!-- \/ Yoast SEO plugin. -->","yoast_head_json":{"title":"Legal information - Annecy Travel Coach","description":"Read the legal disclaimer for our Annecy tourist guide. Find legal information, conditions of use and personal data protection.","robots":{"index":"index","follow":"follow","max-snippet":"max-snippet:-1","max-image-preview":"max-image-preview:large","max-video-preview":"max-video-preview:-1"},"canonical":"https:\/\/annecy-travel-coach.com\/en\/legal-notice\/","og_locale":"en_US","og_type":"article","og_title":"Mentions l\u00e9gales - Annecy Travel Coach","og_description":"Consultez les mentions l\u00e9gales de notre guide touristique d'Annecy. Retrouvez les informations l\u00e9gales, conditions d'utilisation et protection des donn\u00e9es personnelles.","og_url":"https:\/\/annecy-travel-coach.com\/en\/legal-notice\/","og_site_name":"Annecy Travel Coach","article_modified_time":"2025-04-14T13:46:50+00:00","og_image":[{"width":512,"height":512,"url":"https:\/\/annecy-travel-coach.com\/wp-content\/uploads\/2025\/04\/cropped-logo-annecy-travel-coach.png","type":"image\/png"}],"twitter_card":"summary_large_image","twitter_misc":{"Est. reading time":"3 minutes"},"schema":{"@context":"https:\/\/schema.org","@graph":[{"@type":"WebPage","@id":"https:\/\/annecy-travel-coach.com\/mentions-legales\/","url":"https:\/\/annecy-travel-coach.com\/mentions-legales\/","name":"Legal information - Annecy Travel Coach","isPartOf":{"@id":"https:\/\/www.annecy-travel-coach.com\/fr\/#website"},"datePublished":"2025-03-20T12:44:02+00:00","dateModified":"2025-04-14T13:46:50+00:00","description":"Read the legal disclaimer for our Annecy tourist guide. Find legal information, conditions of use and personal data protection.","breadcrumb":{"@id":"https:\/\/annecy-travel-coach.com\/mentions-legales\/#breadcrumb"},"inLanguage":"en-US","potentialAction":[{"@type":"ReadAction","target":["https:\/\/annecy-travel-coach.com\/mentions-legales\/"]}]},{"@type":"BreadcrumbList","@id":"https:\/\/annecy-travel-coach.com\/mentions-legales\/#breadcrumb","itemListElement":[{"@type":"ListItem","position":1,"name":"Accueil","item":"https:\/\/annecy-travel-coach.com\/"},{"@type":"ListItem","position":2,"name":"Mentions l\u00e9gales"}]},{"@type":"WebSite","@id":"https:\/\/www.annecy-travel-coach.com\/fr\/#website","url":"https:\/\/www.annecy-travel-coach.com\/fr\/","name":"Annecy Travel Coach","description":"The guide that simplifies your stay in Annecy","publisher":{"@id":"https:\/\/www.annecy-travel-coach.com\/fr\/#organization"},"potentialAction":[{"@type":"SearchAction","target":{"@type":"EntryPoint","urlTemplate":"https:\/\/www.annecy-travel-coach.com\/fr\/?s={search_term_string}"},"query-input":{"@type":"PropertyValueSpecification","valueRequired":true,"valueName":"search_term_string"}}],"inLanguage":"en-US"},{"@type":"Organization","@id":"https:\/\/www.annecy-travel-coach.com\/fr\/#organization","name":"Annecy Travel Coach","url":"https:\/\/www.annecy-travel-coach.com\/fr\/","logo":{"@type":"ImageObject","inLanguage":"en-US","@id":"https:\/\/www.annecy-travel-coach.com\/fr\/#\/schema\/logo\/image\/","url":"https:\/\/annecy-travel-coach.com\/wp-content\/uploads\/2025\/04\/cropped-logo-annecy-travel-coach.png","contentUrl":"https:\/\/annecy-travel-coach.com\/wp-content\/uploads\/2025\/04\/cropped-logo-annecy-travel-coach.png","width":512,"height":512,"caption":"Annecy Travel Coach"},"image":{"@id":"https:\/\/www.annecy-travel-coach.com\/fr\/#\/schema\/logo\/image\/"},"sameAs":["https:\/\/www.instagram.com\/annecy_travel_coach\/"]}]}},"_links":{"self":[{"href":"https:\/\/annecy-travel-coach.com\/en\/wp-json\/wp\/v2\/pages\/1913","targetHints":{"allow":["GET"]}}],"collection":[{"href":"https:\/\/annecy-travel-coach.com\/en\/wp-json\/wp\/v2\/pages"}],"about":[{"href":"https:\/\/annecy-travel-coach.com\/en\/wp-json\/wp\/v2\/types\/page"}],"author":[{"embeddable":true,"href":"https:\/\/annecy-travel-coach.com\/en\/wp-json\/wp\/v2\/users\/1"}],"replies":[{"embeddable":true,"href":"https:\/\/annecy-travel-coach.com\/en\/wp-json\/wp\/v2\/comments?post=1913"}],"version-history":[{"count":9,"href":"https:\/\/annecy-travel-coach.com\/en\/wp-json\/wp\/v2\/pages\/1913\/revisions"}],"predecessor-version":[{"id":2261,"href":"https:\/\/annecy-travel-coach.com\/en\/wp-json\/wp\/v2\/pages\/1913\/revisions\/2261"}],"wp:attachment":[{"href":"https:\/\/annecy-travel-coach.com\/en\/wp-json\/wp\/v2\/media?parent=1913"}],"curies":[{"name":"wp","href":"https:\/\/api.w.org\/{rel}","templated":true}]}}