{"id":539,"date":"2025-02-10T02:18:32","date_gmt":"2025-02-10T02:18:32","guid":{"rendered":"https:\/\/annecy-travel-coach.com\/login\/"},"modified":"2025-04-15T19:26:44","modified_gmt":"2025-04-15T19:26:44","slug":"connection","status":"publish","type":"page","link":"https:\/\/annecy-travel-coach.com\/en\/connection\/","title":{"rendered":"Connection"},"content":{"rendered":"<div class=\"mp_wrapper mp_login_form\">\n                  <!-- mp-login-form-start -->     <form name=\"mepr_loginform\" id=\"mepr_loginform\" class=\"mepr-form\" action=\"https:\/\/annecy-travel-coach.com\/en\/connection\/\" method=\"post\" data-trp-original-action=\"https:\/\/annecy-travel-coach.com\/en\/connection\/\">\n            <div class=\"mp-form-row mepr_username\">\n        <div class=\"mp-form-label\">\n                              <label for=\"user_login\">Username<\/label>\n        <\/div>\n        <input type=\"text\" name=\"log\" id=\"user_login\" value=\"\" \/>\n      <\/div>\n      <div class=\"mp-form-row mepr_password\">\n        <div class=\"mp-form-label\">\n          <label for=\"user_pass\">Password<\/label>\n          <div class=\"mp-hide-pw\">\n            <input type=\"password\" name=\"pwd\" id=\"user_pass\" value=\"\" \/>\n            <button type=\"button\" class=\"button mp-hide-pw hide-if-no-js\" data-toggle=\"0\" aria-label=\"Show password\">\n              <span class=\"dashicons dashicons-visibility\" aria-hidden=\"true\"><\/span>\n            <\/button>\n          <\/div>\n        <\/div>\n      <\/div>\n            <div>\n        <label><input name=\"rememberme\" type=\"checkbox\" id=\"rememberme\" value=\"forever\" \/> Remember Me<\/label>\n      <\/div>\n      <div class=\"mp-spacer\">&nbsp;<\/div>\n      <div class=\"submit\">\n        <input type=\"submit\" name=\"wp-submit\" id=\"wp-submit\" class=\"button-primary mepr-share-button\" value=\"Log In\" \/>\n        <input type=\"hidden\" name=\"redirect_to\" value=\"https:\/\/annecy-travel-coach.com\/mon-compte\/\" \/>\n        <input type=\"hidden\" name=\"mepr_process_login_form\" value=\"true\" \/>\n        <input type=\"hidden\" name=\"mepr_is_login_page\" value=\"false\" \/>\n      <\/div>\n    <input type=\"hidden\" name=\"trp-form-language\" value=\"en\"\/><\/form>\n    <div class=\"mp-spacer\">&nbsp;<\/div>\n    <div class=\"mepr-login-actions\">\n        <a\n          href=\"https:\/\/annecy-travel-coach.com\/en\/connection\/?action=forgot_password\"\n          title=\"Click here to reset your password\"\n        >\n          Forgot Password        <\/a>\n    <\/div>\n\n      \n    <!-- mp-login-form-end --> \n  <\/div>","protected":false},"excerpt":{"rendered":"<p>Username Password Remember Me Forgot Password<\/p>","protected":false},"author":1,"featured_media":0,"parent":0,"menu_order":0,"comment_status":"closed","ping_status":"closed","template":"","meta":{"_acf_changed":false,"_breakdance_hide_in_design_set":false,"_breakdance_tags":"","footnotes":""},"class_list":["post-539","page","type-page","status-publish","hentry"],"acf":[],"yoast_head":"<!-- This site is optimized with the Yoast SEO plugin v26.5 - https:\/\/yoast.com\/wordpress\/plugins\/seo\/ -->\n<title>Connexion - Annecy Travel Coach<\/title>\n<meta name=\"description\" content=\"Connectez-vous \u00e0 votre espace personnel sur notre guide touristique d&#039;Annecy pour g\u00e9rer vos informations, r\u00e9servations et plus encore. Acc\u00e9dez d\u00e8s maintenant !\" \/>\n<meta name=\"robots\" content=\"index, follow, max-snippet:-1, max-image-preview:large, max-video-preview:-1\" \/>\n<link rel=\"canonical\" href=\"https:\/\/annecy-travel-coach.com\/en\/connection\/\" \/>\n<meta property=\"og:locale\" content=\"en_US\" \/>\n<meta property=\"og:type\" content=\"article\" \/>\n<meta property=\"og:title\" content=\"Connexion - Annecy Travel Coach\" \/>\n<meta property=\"og:description\" content=\"Connectez-vous \u00e0 votre espace personnel sur notre guide touristique d&#039;Annecy pour g\u00e9rer vos informations, r\u00e9servations et plus encore. Acc\u00e9dez d\u00e8s maintenant !\" \/>\n<meta property=\"og:url\" content=\"https:\/\/annecy-travel-coach.com\/en\/connection\/\" \/>\n<meta property=\"og:site_name\" content=\"Annecy Travel Coach\" \/>\n<meta property=\"article:modified_time\" content=\"2025-04-15T19:26:44+00:00\" \/>\n<meta property=\"og:image\" content=\"https:\/\/annecy-travel-coach.com\/wp-content\/uploads\/2025\/04\/cropped-logo-annecy-travel-coach.png\" \/>\n\t<meta property=\"og:image:width\" content=\"512\" \/>\n\t<meta property=\"og:image:height\" content=\"512\" \/>\n\t<meta property=\"og:image:type\" content=\"image\/png\" \/>\n<meta name=\"twitter:card\" content=\"summary_large_image\" \/>\n<script type=\"application\/ld+json\" class=\"yoast-schema-graph\">{\"@context\":\"https:\/\/schema.org\",\"@graph\":[{\"@type\":\"WebPage\",\"@id\":\"https:\/\/annecy-travel-coach.com\/connexion\/\",\"url\":\"https:\/\/annecy-travel-coach.com\/connexion\/\",\"name\":\"Connexion - Annecy Travel Coach\",\"isPartOf\":{\"@id\":\"https:\/\/www.annecy-travel-coach.com\/fr\/#website\"},\"datePublished\":\"2025-02-10T02:18:32+00:00\",\"dateModified\":\"2025-04-15T19:26:44+00:00\",\"description\":\"Connectez-vous \u00e0 votre espace personnel sur notre guide touristique d'Annecy pour g\u00e9rer vos informations, r\u00e9servations et plus encore. Acc\u00e9dez d\u00e8s maintenant !\",\"breadcrumb\":{\"@id\":\"https:\/\/annecy-travel-coach.com\/connexion\/#breadcrumb\"},\"inLanguage\":\"en-US\",\"potentialAction\":[{\"@type\":\"ReadAction\",\"target\":[\"https:\/\/annecy-travel-coach.com\/connexion\/\"]}]},{\"@type\":\"BreadcrumbList\",\"@id\":\"https:\/\/annecy-travel-coach.com\/connexion\/#breadcrumb\",\"itemListElement\":[{\"@type\":\"ListItem\",\"position\":1,\"name\":\"Accueil\",\"item\":\"https:\/\/annecy-travel-coach.com\/\"},{\"@type\":\"ListItem\",\"position\":2,\"name\":\"Connexion\"}]},{\"@type\":\"WebSite\",\"@id\":\"https:\/\/www.annecy-travel-coach.com\/fr\/#website\",\"url\":\"https:\/\/www.annecy-travel-coach.com\/fr\/\",\"name\":\"Annecy Travel Coach\",\"description\":\"Le guide qui simplifie votre s\u00e9jour \u00e0 Annecy\",\"publisher\":{\"@id\":\"https:\/\/www.annecy-travel-coach.com\/fr\/#organization\"},\"potentialAction\":[{\"@type\":\"SearchAction\",\"target\":{\"@type\":\"EntryPoint\",\"urlTemplate\":\"https:\/\/www.annecy-travel-coach.com\/fr\/?s={search_term_string}\"},\"query-input\":{\"@type\":\"PropertyValueSpecification\",\"valueRequired\":true,\"valueName\":\"search_term_string\"}}],\"inLanguage\":\"en-US\"},{\"@type\":\"Organization\",\"@id\":\"https:\/\/www.annecy-travel-coach.com\/fr\/#organization\",\"name\":\"Annecy Travel Coach\",\"url\":\"https:\/\/www.annecy-travel-coach.com\/fr\/\",\"logo\":{\"@type\":\"ImageObject\",\"inLanguage\":\"en-US\",\"@id\":\"https:\/\/www.annecy-travel-coach.com\/fr\/#\/schema\/logo\/image\/\",\"url\":\"https:\/\/annecy-travel-coach.com\/wp-content\/uploads\/2025\/04\/cropped-logo-annecy-travel-coach.png\",\"contentUrl\":\"https:\/\/annecy-travel-coach.com\/wp-content\/uploads\/2025\/04\/cropped-logo-annecy-travel-coach.png\",\"width\":512,\"height\":512,\"caption\":\"Annecy Travel Coach\"},\"image\":{\"@id\":\"https:\/\/www.annecy-travel-coach.com\/fr\/#\/schema\/logo\/image\/\"},\"sameAs\":[\"https:\/\/www.instagram.com\/annecy_travel_coach\/\"]}]}<\/script>\n<!-- \/ Yoast SEO plugin. -->","yoast_head_json":{"title":"Connexion - Annecy Travel Coach","description":"Log in to your personal space on our Annecy travel guide to manage your information, reservations and more. Access now!","robots":{"index":"index","follow":"follow","max-snippet":"max-snippet:-1","max-image-preview":"max-image-preview:large","max-video-preview":"max-video-preview:-1"},"canonical":"https:\/\/annecy-travel-coach.com\/en\/connection\/","og_locale":"en_US","og_type":"article","og_title":"Connexion - Annecy Travel Coach","og_description":"Connectez-vous \u00e0 votre espace personnel sur notre guide touristique d'Annecy pour g\u00e9rer vos informations, r\u00e9servations et plus encore. Acc\u00e9dez d\u00e8s maintenant !","og_url":"https:\/\/annecy-travel-coach.com\/en\/connection\/","og_site_name":"Annecy Travel Coach","article_modified_time":"2025-04-15T19:26:44+00:00","og_image":[{"width":512,"height":512,"url":"https:\/\/annecy-travel-coach.com\/wp-content\/uploads\/2025\/04\/cropped-logo-annecy-travel-coach.png","type":"image\/png"}],"twitter_card":"summary_large_image","schema":{"@context":"https:\/\/schema.org","@graph":[{"@type":"WebPage","@id":"https:\/\/annecy-travel-coach.com\/connexion\/","url":"https:\/\/annecy-travel-coach.com\/connexion\/","name":"Connexion - Annecy Travel Coach","isPartOf":{"@id":"https:\/\/www.annecy-travel-coach.com\/fr\/#website"},"datePublished":"2025-02-10T02:18:32+00:00","dateModified":"2025-04-15T19:26:44+00:00","description":"Log in to your personal space on our Annecy travel guide to manage your information, reservations and more. Access now!","breadcrumb":{"@id":"https:\/\/annecy-travel-coach.com\/connexion\/#breadcrumb"},"inLanguage":"en-US","potentialAction":[{"@type":"ReadAction","target":["https:\/\/annecy-travel-coach.com\/connexion\/"]}]},{"@type":"BreadcrumbList","@id":"https:\/\/annecy-travel-coach.com\/connexion\/#breadcrumb","itemListElement":[{"@type":"ListItem","position":1,"name":"Accueil","item":"https:\/\/annecy-travel-coach.com\/"},{"@type":"ListItem","position":2,"name":"Connexion"}]},{"@type":"WebSite","@id":"https:\/\/www.annecy-travel-coach.com\/fr\/#website","url":"https:\/\/www.annecy-travel-coach.com\/fr\/","name":"Annecy Travel Coach","description":"The guide that simplifies your stay in Annecy","publisher":{"@id":"https:\/\/www.annecy-travel-coach.com\/fr\/#organization"},"potentialAction":[{"@type":"SearchAction","target":{"@type":"EntryPoint","urlTemplate":"https:\/\/www.annecy-travel-coach.com\/fr\/?s={search_term_string}"},"query-input":{"@type":"PropertyValueSpecification","valueRequired":true,"valueName":"search_term_string"}}],"inLanguage":"en-US"},{"@type":"Organization","@id":"https:\/\/www.annecy-travel-coach.com\/fr\/#organization","name":"Annecy Travel Coach","url":"https:\/\/www.annecy-travel-coach.com\/fr\/","logo":{"@type":"ImageObject","inLanguage":"en-US","@id":"https:\/\/www.annecy-travel-coach.com\/fr\/#\/schema\/logo\/image\/","url":"https:\/\/annecy-travel-coach.com\/wp-content\/uploads\/2025\/04\/cropped-logo-annecy-travel-coach.png","contentUrl":"https:\/\/annecy-travel-coach.com\/wp-content\/uploads\/2025\/04\/cropped-logo-annecy-travel-coach.png","width":512,"height":512,"caption":"Annecy Travel Coach"},"image":{"@id":"https:\/\/www.annecy-travel-coach.com\/fr\/#\/schema\/logo\/image\/"},"sameAs":["https:\/\/www.instagram.com\/annecy_travel_coach\/"]}]}},"_links":{"self":[{"href":"https:\/\/annecy-travel-coach.com\/en\/wp-json\/wp\/v2\/pages\/539","targetHints":{"allow":["GET"]}}],"collection":[{"href":"https:\/\/annecy-travel-coach.com\/en\/wp-json\/wp\/v2\/pages"}],"about":[{"href":"https:\/\/annecy-travel-coach.com\/en\/wp-json\/wp\/v2\/types\/page"}],"author":[{"embeddable":true,"href":"https:\/\/annecy-travel-coach.com\/en\/wp-json\/wp\/v2\/users\/1"}],"replies":[{"embeddable":true,"href":"https:\/\/annecy-travel-coach.com\/en\/wp-json\/wp\/v2\/comments?post=539"}],"version-history":[{"count":2,"href":"https:\/\/annecy-travel-coach.com\/en\/wp-json\/wp\/v2\/pages\/539\/revisions"}],"predecessor-version":[{"id":549,"href":"https:\/\/annecy-travel-coach.com\/en\/wp-json\/wp\/v2\/pages\/539\/revisions\/549"}],"wp:attachment":[{"href":"https:\/\/annecy-travel-coach.com\/en\/wp-json\/wp\/v2\/media?parent=539"}],"curies":[{"name":"wp","href":"https:\/\/api.w.org\/{rel}","templated":true}]}}