{"id":537,"date":"2025-02-10T02:18:32","date_gmt":"2025-02-10T02:18:32","guid":{"rendered":"https:\/\/annecy-travel-coach.com\/thank-you\/"},"modified":"2025-04-03T07:56:58","modified_gmt":"2025-04-03T07:56:58","slug":"gracias","status":"publish","type":"page","link":"https:\/\/annecy-travel-coach.com\/es\/gracias\/","title":{"rendered":"Gracias"},"content":{"rendered":"<h2 data-start=\"64\" data-end=\"111\">Tu suscripci\u00f3n se ha activado correctamente \u2705<\/h2>\n<p class=\"\" data-start=\"113\" data-end=\"397\">Gracias por su confianza.<br data-start=\"141\" data-end=\"144\" \/>Ahora tiene acceso completo a nuestro <strong data-start=\"189\" data-end=\"219\">Gu\u00eda tur\u00edstica de Annecy<\/strong>. Explore todos nuestros itinerarios, consejos exclusivos, buenas direcciones y descubrimientos locales para aprovechar al m\u00e1ximo su estancia en Annecy. \u00a1Disfrute de su visita! \ud83c\udf3f\ud83c\udfd4\ufe0f<\/p>","protected":false},"excerpt":{"rendered":"<p>Votre abonnement a \u00e9t\u00e9 activ\u00e9 avec succ\u00e8s \u2705 Merci pour votre confiance !Vous avez d\u00e9sormais un acc\u00e8s complet \u00e0 notre guide touristique d\u2019Annecy. Explorez d\u00e8s maintenant tous nos itin\u00e9raires, conseils exclusifs, bonnes adresses et d\u00e9couvertes locales pour profiter pleinement de votre s\u00e9jour \u00e0 Annecy. Bonne visite ! \ud83c\udf3f\ud83c\udfd4\ufe0f<\/p>","protected":false},"author":1,"featured_media":0,"parent":0,"menu_order":0,"comment_status":"closed","ping_status":"closed","template":"","meta":{"_acf_changed":false,"_breakdance_hide_in_design_set":false,"_breakdance_tags":"","footnotes":""},"class_list":["post-537","page","type-page","status-publish","hentry"],"acf":[],"yoast_head":"<!-- This site is optimized with the Yoast SEO plugin v27.4 - https:\/\/yoast.com\/product\/yoast-seo-wordpress\/ -->\n<title>Merci - Annecy Travel Coach<\/title>\n<meta name=\"description\" content=\"Merci pour votre visite sur notre guide touristique d&#039;Annecy ! D\u00e9couvrez des informations compl\u00e9mentaires et restez inform\u00e9 des derni\u00e8res nouveaut\u00e9s et \u00e9v\u00e9nements.\" \/>\n<meta name=\"robots\" content=\"index, follow, max-snippet:-1, max-image-preview:large, max-video-preview:-1\" \/>\n<link rel=\"canonical\" href=\"https:\/\/annecy-travel-coach.com\/es\/gracias\/\" \/>\n<meta property=\"og:locale\" content=\"es_ES\" \/>\n<meta property=\"og:type\" content=\"article\" \/>\n<meta property=\"og:title\" content=\"Merci - Annecy Travel Coach\" \/>\n<meta property=\"og:description\" content=\"Merci pour votre visite sur notre guide touristique d&#039;Annecy ! D\u00e9couvrez des informations compl\u00e9mentaires et restez inform\u00e9 des derni\u00e8res nouveaut\u00e9s et \u00e9v\u00e9nements.\" \/>\n<meta property=\"og:url\" content=\"https:\/\/annecy-travel-coach.com\/es\/gracias\/\" \/>\n<meta property=\"og:site_name\" content=\"Annecy Travel Coach\" \/>\n<meta property=\"article:modified_time\" content=\"2025-04-03T07:56:58+00:00\" \/>\n<meta property=\"og:image\" content=\"https:\/\/annecy-travel-coach.com\/wp-content\/uploads\/2025\/04\/cropped-logo-annecy-travel-coach.png\" \/>\n\t<meta property=\"og:image:width\" content=\"512\" \/>\n\t<meta property=\"og:image:height\" content=\"512\" \/>\n\t<meta property=\"og:image:type\" content=\"image\/png\" \/>\n<meta name=\"twitter:card\" content=\"summary_large_image\" \/>\n<meta name=\"twitter:label1\" content=\"Tiempo de lectura\" \/>\n\t<meta name=\"twitter:data1\" content=\"1 minuto\" \/>\n<script type=\"application\/ld+json\" class=\"yoast-schema-graph\">{\"@context\":\"https:\\\/\\\/schema.org\",\"@graph\":[{\"@type\":\"WebPage\",\"@id\":\"https:\\\/\\\/annecy-travel-coach.com\\\/merci\\\/\",\"url\":\"https:\\\/\\\/annecy-travel-coach.com\\\/merci\\\/\",\"name\":\"Merci - Annecy Travel Coach\",\"isPartOf\":{\"@id\":\"https:\\\/\\\/www.annecy-travel-coach.com\\\/fr\\\/#website\"},\"datePublished\":\"2025-02-10T02:18:32+00:00\",\"dateModified\":\"2025-04-03T07:56:58+00:00\",\"description\":\"Merci pour votre visite sur notre guide touristique d'Annecy ! D\u00e9couvrez des informations compl\u00e9mentaires et restez inform\u00e9 des derni\u00e8res nouveaut\u00e9s et \u00e9v\u00e9nements.\",\"breadcrumb\":{\"@id\":\"https:\\\/\\\/annecy-travel-coach.com\\\/merci\\\/#breadcrumb\"},\"inLanguage\":\"es\",\"potentialAction\":[{\"@type\":\"ReadAction\",\"target\":[\"https:\\\/\\\/annecy-travel-coach.com\\\/merci\\\/\"]}]},{\"@type\":\"BreadcrumbList\",\"@id\":\"https:\\\/\\\/annecy-travel-coach.com\\\/merci\\\/#breadcrumb\",\"itemListElement\":[{\"@type\":\"ListItem\",\"position\":1,\"name\":\"Accueil\",\"item\":\"https:\\\/\\\/annecy-travel-coach.com\\\/\"},{\"@type\":\"ListItem\",\"position\":2,\"name\":\"Merci\"}]},{\"@type\":\"WebSite\",\"@id\":\"https:\\\/\\\/www.annecy-travel-coach.com\\\/fr\\\/#website\",\"url\":\"https:\\\/\\\/www.annecy-travel-coach.com\\\/fr\\\/\",\"name\":\"Annecy Travel Coach\",\"description\":\"Le guide qui simplifie votre s\u00e9jour \u00e0 Annecy\",\"publisher\":{\"@id\":\"https:\\\/\\\/www.annecy-travel-coach.com\\\/fr\\\/#organization\"},\"potentialAction\":[{\"@type\":\"SearchAction\",\"target\":{\"@type\":\"EntryPoint\",\"urlTemplate\":\"https:\\\/\\\/www.annecy-travel-coach.com\\\/fr\\\/?s={search_term_string}\"},\"query-input\":{\"@type\":\"PropertyValueSpecification\",\"valueRequired\":true,\"valueName\":\"search_term_string\"}}],\"inLanguage\":\"es\"},{\"@type\":\"Organization\",\"@id\":\"https:\\\/\\\/www.annecy-travel-coach.com\\\/fr\\\/#organization\",\"name\":\"Annecy Travel Coach\",\"url\":\"https:\\\/\\\/www.annecy-travel-coach.com\\\/fr\\\/\",\"logo\":{\"@type\":\"ImageObject\",\"inLanguage\":\"es\",\"@id\":\"https:\\\/\\\/www.annecy-travel-coach.com\\\/fr\\\/#\\\/schema\\\/logo\\\/image\\\/\",\"url\":\"https:\\\/\\\/annecy-travel-coach.com\\\/wp-content\\\/uploads\\\/2025\\\/04\\\/cropped-logo-annecy-travel-coach.png\",\"contentUrl\":\"https:\\\/\\\/annecy-travel-coach.com\\\/wp-content\\\/uploads\\\/2025\\\/04\\\/cropped-logo-annecy-travel-coach.png\",\"width\":512,\"height\":512,\"caption\":\"Annecy Travel Coach\"},\"image\":{\"@id\":\"https:\\\/\\\/www.annecy-travel-coach.com\\\/fr\\\/#\\\/schema\\\/logo\\\/image\\\/\"},\"sameAs\":[\"https:\\\/\\\/www.instagram.com\\\/annecy_travel_coach\\\/\"]}]}<\/script>\n<!-- \/ Yoast SEO plugin. -->","yoast_head_json":{"title":"Gracias - Annecy Travel Coach","description":"Gracias por visitar nuestra gu\u00eda de viaje de Annecy. Obtenga m\u00e1s informaci\u00f3n y mant\u00e9ngase al d\u00eda de las \u00faltimas noticias y eventos.","robots":{"index":"index","follow":"follow","max-snippet":"max-snippet:-1","max-image-preview":"max-image-preview:large","max-video-preview":"max-video-preview:-1"},"canonical":"https:\/\/annecy-travel-coach.com\/es\/gracias\/","og_locale":"es_ES","og_type":"article","og_title":"Merci - Annecy Travel Coach","og_description":"Merci pour votre visite sur notre guide touristique d'Annecy ! D\u00e9couvrez des informations compl\u00e9mentaires et restez inform\u00e9 des derni\u00e8res nouveaut\u00e9s et \u00e9v\u00e9nements.","og_url":"https:\/\/annecy-travel-coach.com\/es\/gracias\/","og_site_name":"Annecy Travel Coach","article_modified_time":"2025-04-03T07:56:58+00:00","og_image":[{"width":512,"height":512,"url":"https:\/\/annecy-travel-coach.com\/wp-content\/uploads\/2025\/04\/cropped-logo-annecy-travel-coach.png","type":"image\/png"}],"twitter_card":"summary_large_image","twitter_misc":{"Tiempo de lectura":"1 minuto"},"schema":{"@context":"https:\/\/schema.org","@graph":[{"@type":"WebPage","@id":"https:\/\/annecy-travel-coach.com\/merci\/","url":"https:\/\/annecy-travel-coach.com\/merci\/","name":"Gracias - Annecy Travel Coach","isPartOf":{"@id":"https:\/\/www.annecy-travel-coach.com\/fr\/#website"},"datePublished":"2025-02-10T02:18:32+00:00","dateModified":"2025-04-03T07:56:58+00:00","description":"Gracias por visitar nuestra gu\u00eda de viaje de Annecy. Obtenga m\u00e1s informaci\u00f3n y mant\u00e9ngase al d\u00eda de las \u00faltimas noticias y eventos.","breadcrumb":{"@id":"https:\/\/annecy-travel-coach.com\/merci\/#breadcrumb"},"inLanguage":"es","potentialAction":[{"@type":"ReadAction","target":["https:\/\/annecy-travel-coach.com\/merci\/"]}]},{"@type":"BreadcrumbList","@id":"https:\/\/annecy-travel-coach.com\/merci\/#breadcrumb","itemListElement":[{"@type":"ListItem","position":1,"name":"Accueil","item":"https:\/\/annecy-travel-coach.com\/"},{"@type":"ListItem","position":2,"name":"Merci"}]},{"@type":"WebSite","@id":"https:\/\/www.annecy-travel-coach.com\/fr\/#website","url":"https:\/\/www.annecy-travel-coach.com\/fr\/","name":"Annecy Travel Coach","description":"La gu\u00eda que facilita su estancia en Annecy","publisher":{"@id":"https:\/\/www.annecy-travel-coach.com\/fr\/#organization"},"potentialAction":[{"@type":"SearchAction","target":{"@type":"EntryPoint","urlTemplate":"https:\/\/www.annecy-travel-coach.com\/fr\/?s={search_term_string}"},"query-input":{"@type":"PropertyValueSpecification","valueRequired":true,"valueName":"search_term_string"}}],"inLanguage":"es"},{"@type":"Organization","@id":"https:\/\/www.annecy-travel-coach.com\/fr\/#organization","name":"Annecy Travel Coach","url":"https:\/\/www.annecy-travel-coach.com\/fr\/","logo":{"@type":"ImageObject","inLanguage":"es","@id":"https:\/\/www.annecy-travel-coach.com\/fr\/#\/schema\/logo\/image\/","url":"https:\/\/annecy-travel-coach.com\/wp-content\/uploads\/2025\/04\/cropped-logo-annecy-travel-coach.png","contentUrl":"https:\/\/annecy-travel-coach.com\/wp-content\/uploads\/2025\/04\/cropped-logo-annecy-travel-coach.png","width":512,"height":512,"caption":"Annecy Travel Coach"},"image":{"@id":"https:\/\/www.annecy-travel-coach.com\/fr\/#\/schema\/logo\/image\/"},"sameAs":["https:\/\/www.instagram.com\/annecy_travel_coach\/"]}]}},"_links":{"self":[{"href":"https:\/\/annecy-travel-coach.com\/es\/wp-json\/wp\/v2\/pages\/537","targetHints":{"allow":["GET"]}}],"collection":[{"href":"https:\/\/annecy-travel-coach.com\/es\/wp-json\/wp\/v2\/pages"}],"about":[{"href":"https:\/\/annecy-travel-coach.com\/es\/wp-json\/wp\/v2\/types\/page"}],"author":[{"embeddable":true,"href":"https:\/\/annecy-travel-coach.com\/es\/wp-json\/wp\/v2\/users\/1"}],"replies":[{"embeddable":true,"href":"https:\/\/annecy-travel-coach.com\/es\/wp-json\/wp\/v2\/comments?post=537"}],"version-history":[{"count":3,"href":"https:\/\/annecy-travel-coach.com\/es\/wp-json\/wp\/v2\/pages\/537\/revisions"}],"predecessor-version":[{"id":2031,"href":"https:\/\/annecy-travel-coach.com\/es\/wp-json\/wp\/v2\/pages\/537\/revisions\/2031"}],"wp:attachment":[{"href":"https:\/\/annecy-travel-coach.com\/es\/wp-json\/wp\/v2\/media?parent=537"}],"curies":[{"name":"wp","href":"https:\/\/api.w.org\/{rel}","templated":true}]}}