{"id":1913,"date":"2025-03-20T12:44:02","date_gmt":"2025-03-20T12:44:02","guid":{"rendered":"https:\/\/annecy-travel-coach.com\/?page_id=1913"},"modified":"2025-04-14T13:46:50","modified_gmt":"2025-04-14T13:46:50","slug":"%e6%b3%95%e5%be%8b%e4%bf%a1%e6%81%af","status":"publish","type":"page","link":"https:\/\/annecy-travel-coach.com\/zh\/%e6%b3%95%e5%be%8b%e4%bf%a1%e6%81%af\/","title":{"rendered":"\u6cd5\u5f8b\u4fe1\u606f"},"content":{"rendered":"<div class='breakdance'><section class=\"bde-section-1913-100 bde-section\" data-element=\"{&quot;id&quot;:100,&quot;data&quot;:{&quot;type&quot;:&quot;EssentialElements\\\\Section&quot;,&quot;properties&quot;:{&quot;design&quot;:{&quot;layout_v2&quot;:{&quot;layout&quot;:&quot;vertical&quot;,&quot;v_align&quot;:{&quot;breakpoint_base&quot;:&quot;center&quot;},&quot;v_vertical_align&quot;:{&quot;breakpoint_base&quot;:&quot;center&quot;}},&quot;background&quot;:{&quot;type&quot;:&quot;image&quot;,&quot;image&quot;:{&quot;breakpoint_base&quot;:{&quot;id&quot;:1904,&quot;filename&quot;:&quot;11.png&quot;,&quot;url&quot;:&quot;https:\\\/\\\/annecy-travel-coach.com\\\/wp-content\\\/uploads\\\/2025\\\/03\\\/11.png&quot;,&quot;alt&quot;:&quot;&quot;,&quot;caption&quot;:&quot;&quot;,&quot;mime&quot;:&quot;image\\\/png&quot;,&quot;type&quot;:&quot;image&quot;,&quot;sizes&quot;:{&quot;thumbnail&quot;:{&quot;height&quot;:150,&quot;width&quot;:150,&quot;url&quot;:&quot;https:\\\/\\\/annecy-travel-coach.com\\\/wp-content\\\/uploads\\\/2025\\\/03\\\/11-150x150.png&quot;,&quot;orientation&quot;:&quot;landscape&quot;},&quot;medium&quot;:{&quot;height&quot;:300,&quot;width&quot;:300,&quot;url&quot;:&quot;https:\\\/\\\/annecy-travel-coach.com\\\/wp-content\\\/uploads\\\/2025\\\/03\\\/11-300x300.png&quot;,&quot;orientation&quot;:&quot;landscape&quot;},&quot;large&quot;:{&quot;height&quot;:1024,&quot;width&quot;:1024,&quot;url&quot;:&quot;https:\\\/\\\/annecy-travel-coach.com\\\/wp-content\\\/uploads\\\/2025\\\/03\\\/11-1024x1024.png&quot;,&quot;orientation&quot;:&quot;landscape&quot;},&quot;medium_large&quot;:{&quot;height&quot;:768,&quot;width&quot;:768,&quot;url&quot;:&quot;https:\\\/\\\/annecy-travel-coach.com\\\/wp-content\\\/uploads\\\/2025\\\/03\\\/11-768x768.png&quot;,&quot;orientation&quot;:&quot;landscape&quot;},&quot;full&quot;:{&quot;url&quot;:&quot;https:\\\/\\\/annecy-travel-coach.com\\\/wp-content\\\/uploads\\\/2025\\\/03\\\/11.png&quot;,&quot;height&quot;:1080,&quot;width&quot;:1080,&quot;orientation&quot;:&quot;landscape&quot;}},&quot;attributes&quot;:{&quot;srcset&quot;:&quot;https:\\\/\\\/annecy-travel-coach.com\\\/wp-content\\\/uploads\\\/2025\\\/03\\\/11.png 1080w, https:\\\/\\\/annecy-travel-coach.com\\\/wp-content\\\/uploads\\\/2025\\\/03\\\/11-300x300.png 300w, https:\\\/\\\/annecy-travel-coach.com\\\/wp-content\\\/uploads\\\/2025\\\/03\\\/11-1024x1024.png 1024w, https:\\\/\\\/annecy-travel-coach.com\\\/wp-content\\\/uploads\\\/2025\\\/03\\\/11-150x150.png 150w, https:\\\/\\\/annecy-travel-coach.com\\\/wp-content\\\/uploads\\\/2025\\\/03\\\/11-768x768.png 768w&quot;,&quot;sizes&quot;:&quot;(max-width: 1080px) 100vw, 1080px&quot;}}}},&quot;size&quot;:{&quot;height&quot;:{&quot;breakpoint_base&quot;:&quot;custom&quot;,&quot;breakpoint_phone_portrait&quot;:&quot;viewport&quot;},&quot;custom_height&quot;:{&quot;breakpoint_base&quot;:{&quot;number&quot;:80,&quot;unit&quot;:&quot;vh&quot;,&quot;style&quot;:&quot;80vh&quot;}}}}}},&quot;children&quot;:[{&quot;id&quot;:102,&quot;data&quot;:{&quot;type&quot;:&quot;EssentialElements\\\\Heading&quot;,&quot;properties&quot;:{&quot;content&quot;:{&quot;content&quot;:{&quot;text&quot;:&quot;MENTIONS L\\u00e9gales&quot;,&quot;tags&quot;:&quot;h1&quot;}},&quot;design&quot;:{&quot;typography&quot;:{&quot;color&quot;:{&quot;breakpoint_base&quot;:&quot;var(--bde-palette-color-1)&quot;},&quot;text_align&quot;:{&quot;breakpoint_base&quot;:&quot;center&quot;},&quot;typography&quot;:{&quot;custom&quot;:{&quot;customTypography&quot;:{&quot;advanced&quot;:{&quot;textTransform&quot;:{&quot;breakpoint_base&quot;:&quot;uppercase&quot;}}}}}}}}},&quot;children&quot;:[],&quot;_parentId&quot;:100}],&quot;_parentId&quot;:1}\">\n  \n  \n\t\n\n\n\n<div class=\"section-container\"><h1 class=\"bde-heading-1913-102 bde-heading\">\n\u6cd5\u5f8b\u58f0\u660e\n<\/h1><\/div>\n<\/section><section class=\"bde-section-1913-103 bde-section\" data-element=\"{&quot;id&quot;:103,&quot;data&quot;:{&quot;type&quot;:&quot;EssentialElements\\\\Section&quot;,&quot;properties&quot;:{&quot;design&quot;:{&quot;layout_v2&quot;:{&quot;layout&quot;:&quot;vertical&quot;}}}},&quot;children&quot;:[{&quot;id&quot;:104,&quot;data&quot;:{&quot;type&quot;:&quot;EssentialElements\\\\RichText&quot;,&quot;properties&quot;:{&quot;content&quot;:{&quot;content&quot;:{&quot;text&quot;:&quot;&lt;h3 class=\\&quot;wp-block-heading\\&quot;&gt;\\u00c9diteur&lt;\\\/h3&gt;\\n&lt;p&gt;Ce site est \\u00e9dit\\u00e9 par annecy-travel-coach.com.&lt;br \\\/&gt;Si\\u00e8ge social : 897 route de la R\\u00e9sistance, Filli\\u00e8re, Auvergne-Rh\\u00f4ne-Alpes 74370, France&lt;br \\\/&gt;Email : hello@annecy-travel-coach.com\\u00a0&lt;br \\\/&gt;&lt;br \\\/&gt;&lt;\\\/p&gt;\\n&lt;h3 class=\\&quot;kt-adv-heading2477_c5bffb-87 wp-block-kadence-advancedheading\\&quot; data-kb-block=\\&quot;kb-adv-heading2477_c5bffb-87\\&quot;&gt;H\\u00e9bergeur&lt;\\\/h3&gt;\\n&lt;p&gt;Ce site est h\\u00e9berg\\u00e9 par HOSTINGER&lt;\\\/p&gt;\\n&lt;p&gt;HOSTINGER operations, UAB&lt;\\\/p&gt;\\n&lt;p&gt;\\u0160vitrigailos str. 34, Vilnius 03230 Lithuania&lt;\\\/p&gt;\\n&lt;p&gt;Phone:\\u00a0&lt;a href=\\&quot;tel:+37064503378\\&quot;&gt;+37064503378&lt;\\\/a&gt;&lt;\\\/p&gt;\\n&lt;p&gt;Email:\\u00a0&lt;a href=\\&quot;mailto:domains@hostinger.com\\&quot;&gt;domains@hostinger.com&lt;\\\/a&gt;&lt;\\\/p&gt;\\n&lt;h3 class=\\&quot;kt-adv-heading2477_33856b-84 wp-block-kadence-advancedheading\\&quot; data-kb-block=\\&quot;kb-adv-heading2477_33856b-84\\&quot;&gt;Informatiques &amp;amp; Libert\\u00e9s&lt;\\\/h3&gt;\\n&lt;p&gt;Les donn\\u00e9es personnelles collect\\u00e9es par les formulaires de ce site sont uniquement destin\\u00e9es \\u00e0 un usage interne. En aucun cas ces donn\\u00e9es ne seront c\\u00e9d\\u00e9es, communiqu\\u00e9es ou vendues \\u00e0 des tiers.&lt;\\\/p&gt;\\n&lt;p&gt;Votre adresse e-mail sera utilis\\u00e9e pour r\\u00e9pondre \\u00e0 une demande de contact e-mail.&lt;br \\\/&gt;Conform\\u00e9ment \\u00e0 la loi \\u00ab informatique et libert\\u00e9s \\u00bb du 6 janvier 1978 modifi\\u00e9e en 2004, vous b\\u00e9n\\u00e9ficiez d\\u2019un droit d\\u2019acc\\u00e8s et de rectification aux informations qui vous concernent, que vous pouvez exercer en nous adressant un email sur hello@annecy-travel-coach.com.&lt;\\\/p&gt;\\n&lt;h3 class=\\&quot;kt-adv-heading2477_00f957-2b wp-block-kadence-advancedheading\\&quot; data-kb-block=\\&quot;kb-adv-heading2477_00f957-2b\\&quot;&gt;Cookies&lt;\\\/h3&gt;\\n&lt;p&gt;Les cookies sont des informations qui sont transmises d\\u2019un site Internet \\u00e0 votre disque dur afin d\\u2019enregistrer des donn\\u00e9es facilitant la navigation sur notre site Internet. Ce site utilise des cookies notamment pour conna\\u00eetre les statistiques visiteurs via l\\u2019outil Google Analytics.&lt;br \\\/&gt;Si vous ne souhaitez pas que des cookies enregistrent vos actions, vous pouvez les d\\u00e9sactiver via une option de votre navigateur.&lt;\\\/p&gt;&quot;}}}},&quot;children&quot;:[],&quot;_parentId&quot;:103}],&quot;_parentId&quot;:1}\">\n  \n  \n\t\n\n\n\n<div class=\"section-container\"><div class=\"bde-rich-text-1913-104 bde-rich-text breakdance-rich-text-styles\">\n<h3 class=\"wp-block-heading\">\u51fa\u7248\u5546<\/h3>\n<p>\u672c\u7f51\u7ad9\u7531 annecy-travel-coach.com \u53d1\u5e03\u3002<br \/>\u603b\u90e8\uff1a\u6cd5\u56fd\u5965\u5f17\u6d85-\u7f57\u7eb3-\u963f\u5c14\u5351\u65af\u5927\u533a\u83f2\u5229\u4e9a\u5c14\uff0c\u62b5\u6297\u4e4b\u8def 897 \u53f7\uff0c\u90ae\u7f16 74370<br \/>\u7535\u5b50\u90ae\u4ef6 : hello@annecy-travel-coach.com\u00a0<br \/><br \/><\/p>\n<h3 class=\"kt-adv-heading2477_c5bffb-87 wp-block-kadence-advancedheading\" data-kb-block=\"kb-adv-heading2477_c5bffb-87\">\u4e3b\u6301\u4eba<\/h3>\n<p>\u672c\u7f51\u7ad9\u7531 HOSTINGER \u6258\u7ba1<\/p>\n<p>HOSTINGER \u884c\u52a8\uff0c\u963f\u62c9\u4f2f\u94f6\u884c\u8054\u76df<\/p>\n<p>\u7acb\u9676\u5b9b\u7ef4\u5c14\u7ebd\u65af \u0160vitrigailos str.<\/p>\n<p>\u7535\u8bdd\u00a0<a href=\"tel:+37064503378\">+37064503378<\/a><\/p>\n<p>\u7535\u5b50\u90ae\u4ef6\uff1a\u00a0<a href=\"mailto:domains@hostinger.com\">domains@hostinger.com<\/a><\/p>\n<h3 class=\"kt-adv-heading2477_33856b-84 wp-block-kadence-advancedheading\" data-kb-block=\"kb-adv-heading2477_33856b-84\">\u6570\u636e\u4fdd\u62a4<\/h3>\n<p>\u901a\u8fc7\u672c\u7f51\u7ad9\u8868\u683c\u6536\u96c6\u7684\u4e2a\u4eba\u6570\u636e\u4ec5\u4f9b\u5185\u90e8\u4f7f\u7528\u3002\u5728\u4efb\u4f55\u60c5\u51b5\u4e0b\uff0c\u6211\u4eec\u90fd\u4e0d\u4f1a\u5c06\u8fd9\u4e9b\u6570\u636e\u4f20\u8f93\u3001\u4ea4\u6d41\u6216\u51fa\u552e\u7ed9\u7b2c\u4e09\u65b9\u3002<\/p>\n<p>\u60a8\u7684\u7535\u5b50\u90ae\u4ef6\u5730\u5740\u5c06\u7528\u4e8e\u56de\u590d\u7535\u5b50\u90ae\u4ef6\u8054\u7cfb\u8bf7\u6c42\u3002<br \/>\u6839\u636e 1978 \u5e74 1 \u6708 6 \u65e5\u9881\u5e03\u5e76\u4e8e 2004 \u5e74\u4fee\u8ba2\u7684\u300a\u6cd5\u56fd\u6570\u636e\u4fdd\u62a4\u6cd5\u300b\uff0c\u60a8\u6709\u6743\u8bbf\u95ee\u548c\u4fee\u6539\u60a8\u7684\u76f8\u5173\u4fe1\u606f\u3002 \u60a8\u53ef\u4ee5\u901a\u8fc7\u53d1\u9001\u7535\u5b50\u90ae\u4ef6\u81f3 hello@annecy-travel-coach.com \u6765\u884c\u4f7f\u8fd9\u4e00\u6743\u5229\u3002<\/p>\n<h3 class=\"kt-adv-heading2477_00f957-2b wp-block-kadence-advancedheading\" data-kb-block=\"kb-adv-heading2477_00f957-2b\">\u66f2\u5947<\/h3>\n<p>Cookie \u662f\u4e00\u79cd\u4ece\u7f51\u7ad9\u4f20\u8f93\u5230\u60a8\u786c\u76d8\u7684\u4fe1\u606f\uff0c\u7528\u4e8e\u8bb0\u5f55\u6570\u636e\uff0c\u65b9\u4fbf\u60a8\u6d4f\u89c8\u6211\u4eec\u7684\u7f51\u7ad9\u3002\u672c\u7f51\u7ad9\u7279\u522b\u4f7f\u7528 Cookie \u901a\u8fc7\u8c37\u6b4c\u5206\u6790\u5de5\u5177\u8ddf\u8e2a\u8bbf\u5ba2\u7edf\u8ba1\u6570\u636e\u3002<br \/>\u5982\u679c\u60a8\u4e0d\u5e0c\u671b Cookie \u8bb0\u5f55\u60a8\u7684\u64cd\u4f5c\uff0c\u53ef\u4ee5\u901a\u8fc7\u6d4f\u89c8\u5668\u4e2d\u7684\u4e00\u4e2a\u9009\u9879\u505c\u7528 Cookie\u3002<\/p>\n<\/div><\/div>\n<\/section><\/div>","protected":false},"excerpt":{"rendered":"<p>MENTIONS L\u00e9gales \u00c9diteur Ce site est \u00e9dit\u00e9 par annecy-travel-coach.com.Si\u00e8ge social : 897 route de la R\u00e9sistance, Filli\u00e8re, Auvergne-Rh\u00f4ne-Alpes 74370, FranceEmail : hello@annecy-travel-coach.com\u00a0 H\u00e9bergeur Ce site est h\u00e9berg\u00e9 par HOSTINGER HOSTINGER operations, UAB \u0160vitrigailos str. 34, Vilnius 03230 Lithuania Phone:\u00a0+37064503378 Email:\u00a0domains@hostinger.com Informatiques &amp; Libert\u00e9s Les donn\u00e9es personnelles collect\u00e9es par les formulaires de ce site sont uniquement [&hellip;]<\/p>","protected":false},"author":1,"featured_media":0,"parent":0,"menu_order":0,"comment_status":"closed","ping_status":"closed","template":"","meta":{"_acf_changed":false,"_breakdance_hide_in_design_set":false,"_breakdance_tags":"","footnotes":""},"class_list":["post-1913","page","type-page","status-publish","hentry"],"acf":[],"yoast_head":"<!-- This site is optimized with the Yoast SEO plugin v26.5 - https:\/\/yoast.com\/wordpress\/plugins\/seo\/ -->\n<title>Mentions l\u00e9gales - Annecy Travel Coach<\/title>\n<meta name=\"description\" content=\"Consultez les mentions l\u00e9gales de notre guide touristique d&#039;Annecy. Retrouvez les informations l\u00e9gales, conditions d&#039;utilisation et protection des donn\u00e9es personnelles.\" \/>\n<meta name=\"robots\" content=\"index, follow, max-snippet:-1, max-image-preview:large, max-video-preview:-1\" \/>\n<link rel=\"canonical\" href=\"https:\/\/annecy-travel-coach.com\/zh\/\u6cd5\u5f8b\u4fe1\u606f\/\" \/>\n<meta property=\"og:locale\" content=\"zh_CN\" \/>\n<meta property=\"og:type\" content=\"article\" \/>\n<meta property=\"og:title\" content=\"Mentions l\u00e9gales - Annecy Travel Coach\" \/>\n<meta property=\"og:description\" content=\"Consultez les mentions l\u00e9gales de notre guide touristique d&#039;Annecy. Retrouvez les informations l\u00e9gales, conditions d&#039;utilisation et protection des donn\u00e9es personnelles.\" \/>\n<meta property=\"og:url\" content=\"https:\/\/annecy-travel-coach.com\/zh\/\u6cd5\u5f8b\u4fe1\u606f\/\" \/>\n<meta property=\"og:site_name\" content=\"Annecy Travel Coach\" \/>\n<meta property=\"article:modified_time\" content=\"2025-04-14T13:46:50+00:00\" \/>\n<meta property=\"og:image\" content=\"https:\/\/annecy-travel-coach.com\/wp-content\/uploads\/2025\/04\/cropped-logo-annecy-travel-coach.png\" \/>\n\t<meta property=\"og:image:width\" content=\"512\" \/>\n\t<meta property=\"og:image:height\" content=\"512\" \/>\n\t<meta property=\"og:image:type\" content=\"image\/png\" \/>\n<meta name=\"twitter:card\" content=\"summary_large_image\" \/>\n<meta name=\"twitter:label1\" content=\"\u9884\u8ba1\u9605\u8bfb\u65f6\u95f4\" \/>\n\t<meta name=\"twitter:data1\" content=\"3 \u5206\" \/>\n<script type=\"application\/ld+json\" class=\"yoast-schema-graph\">{\"@context\":\"https:\/\/schema.org\",\"@graph\":[{\"@type\":\"WebPage\",\"@id\":\"https:\/\/annecy-travel-coach.com\/mentions-legales\/\",\"url\":\"https:\/\/annecy-travel-coach.com\/mentions-legales\/\",\"name\":\"Mentions l\u00e9gales - Annecy Travel Coach\",\"isPartOf\":{\"@id\":\"https:\/\/www.annecy-travel-coach.com\/fr\/#website\"},\"datePublished\":\"2025-03-20T12:44:02+00:00\",\"dateModified\":\"2025-04-14T13:46:50+00:00\",\"description\":\"Consultez les mentions l\u00e9gales de notre guide touristique d'Annecy. Retrouvez les informations l\u00e9gales, conditions d'utilisation et protection des donn\u00e9es personnelles.\",\"breadcrumb\":{\"@id\":\"https:\/\/annecy-travel-coach.com\/mentions-legales\/#breadcrumb\"},\"inLanguage\":\"zh-Hans\",\"potentialAction\":[{\"@type\":\"ReadAction\",\"target\":[\"https:\/\/annecy-travel-coach.com\/mentions-legales\/\"]}]},{\"@type\":\"BreadcrumbList\",\"@id\":\"https:\/\/annecy-travel-coach.com\/mentions-legales\/#breadcrumb\",\"itemListElement\":[{\"@type\":\"ListItem\",\"position\":1,\"name\":\"Accueil\",\"item\":\"https:\/\/annecy-travel-coach.com\/\"},{\"@type\":\"ListItem\",\"position\":2,\"name\":\"Mentions l\u00e9gales\"}]},{\"@type\":\"WebSite\",\"@id\":\"https:\/\/www.annecy-travel-coach.com\/fr\/#website\",\"url\":\"https:\/\/www.annecy-travel-coach.com\/fr\/\",\"name\":\"Annecy Travel Coach\",\"description\":\"Le guide qui simplifie votre s\u00e9jour \u00e0 Annecy\",\"publisher\":{\"@id\":\"https:\/\/www.annecy-travel-coach.com\/fr\/#organization\"},\"potentialAction\":[{\"@type\":\"SearchAction\",\"target\":{\"@type\":\"EntryPoint\",\"urlTemplate\":\"https:\/\/www.annecy-travel-coach.com\/fr\/?s={search_term_string}\"},\"query-input\":{\"@type\":\"PropertyValueSpecification\",\"valueRequired\":true,\"valueName\":\"search_term_string\"}}],\"inLanguage\":\"zh-Hans\"},{\"@type\":\"Organization\",\"@id\":\"https:\/\/www.annecy-travel-coach.com\/fr\/#organization\",\"name\":\"Annecy Travel Coach\",\"url\":\"https:\/\/www.annecy-travel-coach.com\/fr\/\",\"logo\":{\"@type\":\"ImageObject\",\"inLanguage\":\"zh-Hans\",\"@id\":\"https:\/\/www.annecy-travel-coach.com\/fr\/#\/schema\/logo\/image\/\",\"url\":\"https:\/\/annecy-travel-coach.com\/wp-content\/uploads\/2025\/04\/cropped-logo-annecy-travel-coach.png\",\"contentUrl\":\"https:\/\/annecy-travel-coach.com\/wp-content\/uploads\/2025\/04\/cropped-logo-annecy-travel-coach.png\",\"width\":512,\"height\":512,\"caption\":\"Annecy Travel Coach\"},\"image\":{\"@id\":\"https:\/\/www.annecy-travel-coach.com\/fr\/#\/schema\/logo\/image\/\"},\"sameAs\":[\"https:\/\/www.instagram.com\/annecy_travel_coach\/\"]}]}<\/script>\n<!-- \/ Yoast SEO plugin. -->","yoast_head_json":{"title":"\u6cd5\u5f8b\u4fe1\u606f - \u963f\u8bb7\u897f\u65c5\u6e38\u5df4\u58eb","description":"\u9605\u8bfb\u5b89\u7eb3\u897f\u65c5\u6e38\u6307\u5357\u7684\u6cd5\u5f8b\u58f0\u660e\u3002\u4e86\u89e3\u6cd5\u5f8b\u4fe1\u606f\u3001\u4f7f\u7528\u6761\u4ef6\u548c\u4e2a\u4eba\u6570\u636e\u4fdd\u62a4\u3002","robots":{"index":"index","follow":"follow","max-snippet":"max-snippet:-1","max-image-preview":"max-image-preview:large","max-video-preview":"max-video-preview:-1"},"canonical":"https:\/\/annecy-travel-coach.com\/zh\/\u6cd5\u5f8b\u4fe1\u606f\/","og_locale":"zh_CN","og_type":"article","og_title":"Mentions l\u00e9gales - Annecy Travel Coach","og_description":"Consultez les mentions l\u00e9gales de notre guide touristique d'Annecy. Retrouvez les informations l\u00e9gales, conditions d'utilisation et protection des donn\u00e9es personnelles.","og_url":"https:\/\/annecy-travel-coach.com\/zh\/\u6cd5\u5f8b\u4fe1\u606f\/","og_site_name":"Annecy Travel Coach","article_modified_time":"2025-04-14T13:46:50+00:00","og_image":[{"width":512,"height":512,"url":"https:\/\/annecy-travel-coach.com\/wp-content\/uploads\/2025\/04\/cropped-logo-annecy-travel-coach.png","type":"image\/png"}],"twitter_card":"summary_large_image","twitter_misc":{"\u9884\u8ba1\u9605\u8bfb\u65f6\u95f4":"3 \u5206"},"schema":{"@context":"https:\/\/schema.org","@graph":[{"@type":"WebPage","@id":"https:\/\/annecy-travel-coach.com\/mentions-legales\/","url":"https:\/\/annecy-travel-coach.com\/mentions-legales\/","name":"\u6cd5\u5f8b\u4fe1\u606f - \u963f\u8bb7\u897f\u65c5\u6e38\u5df4\u58eb","isPartOf":{"@id":"https:\/\/www.annecy-travel-coach.com\/fr\/#website"},"datePublished":"2025-03-20T12:44:02+00:00","dateModified":"2025-04-14T13:46:50+00:00","description":"\u9605\u8bfb\u5b89\u7eb3\u897f\u65c5\u6e38\u6307\u5357\u7684\u6cd5\u5f8b\u58f0\u660e\u3002\u4e86\u89e3\u6cd5\u5f8b\u4fe1\u606f\u3001\u4f7f\u7528\u6761\u4ef6\u548c\u4e2a\u4eba\u6570\u636e\u4fdd\u62a4\u3002","breadcrumb":{"@id":"https:\/\/annecy-travel-coach.com\/mentions-legales\/#breadcrumb"},"inLanguage":"zh-Hans","potentialAction":[{"@type":"ReadAction","target":["https:\/\/annecy-travel-coach.com\/mentions-legales\/"]}]},{"@type":"BreadcrumbList","@id":"https:\/\/annecy-travel-coach.com\/mentions-legales\/#breadcrumb","itemListElement":[{"@type":"ListItem","position":1,"name":"Accueil","item":"https:\/\/annecy-travel-coach.com\/"},{"@type":"ListItem","position":2,"name":"Mentions l\u00e9gales"}]},{"@type":"WebSite","@id":"https:\/\/www.annecy-travel-coach.com\/fr\/#website","url":"https:\/\/www.annecy-travel-coach.com\/fr\/","name":"Annecy Travel Coach","description":"\u8ba9\u60a8\u5728\u5b89\u7eb3\u897f\u9017\u7559\u66f4\u8f7b\u677e\u7684\u6307\u5357","publisher":{"@id":"https:\/\/www.annecy-travel-coach.com\/fr\/#organization"},"potentialAction":[{"@type":"SearchAction","target":{"@type":"EntryPoint","urlTemplate":"https:\/\/www.annecy-travel-coach.com\/fr\/?s={search_term_string}"},"query-input":{"@type":"PropertyValueSpecification","valueRequired":true,"valueName":"search_term_string"}}],"inLanguage":"zh-Hans"},{"@type":"Organization","@id":"https:\/\/www.annecy-travel-coach.com\/fr\/#organization","name":"Annecy Travel Coach","url":"https:\/\/www.annecy-travel-coach.com\/fr\/","logo":{"@type":"ImageObject","inLanguage":"zh-Hans","@id":"https:\/\/www.annecy-travel-coach.com\/fr\/#\/schema\/logo\/image\/","url":"https:\/\/annecy-travel-coach.com\/wp-content\/uploads\/2025\/04\/cropped-logo-annecy-travel-coach.png","contentUrl":"https:\/\/annecy-travel-coach.com\/wp-content\/uploads\/2025\/04\/cropped-logo-annecy-travel-coach.png","width":512,"height":512,"caption":"Annecy Travel Coach"},"image":{"@id":"https:\/\/www.annecy-travel-coach.com\/fr\/#\/schema\/logo\/image\/"},"sameAs":["https:\/\/www.instagram.com\/annecy_travel_coach\/"]}]}},"_links":{"self":[{"href":"https:\/\/annecy-travel-coach.com\/zh\/wp-json\/wp\/v2\/pages\/1913","targetHints":{"allow":["GET"]}}],"collection":[{"href":"https:\/\/annecy-travel-coach.com\/zh\/wp-json\/wp\/v2\/pages"}],"about":[{"href":"https:\/\/annecy-travel-coach.com\/zh\/wp-json\/wp\/v2\/types\/page"}],"author":[{"embeddable":true,"href":"https:\/\/annecy-travel-coach.com\/zh\/wp-json\/wp\/v2\/users\/1"}],"replies":[{"embeddable":true,"href":"https:\/\/annecy-travel-coach.com\/zh\/wp-json\/wp\/v2\/comments?post=1913"}],"version-history":[{"count":9,"href":"https:\/\/annecy-travel-coach.com\/zh\/wp-json\/wp\/v2\/pages\/1913\/revisions"}],"predecessor-version":[{"id":2261,"href":"https:\/\/annecy-travel-coach.com\/zh\/wp-json\/wp\/v2\/pages\/1913\/revisions\/2261"}],"wp:attachment":[{"href":"https:\/\/annecy-travel-coach.com\/zh\/wp-json\/wp\/v2\/media?parent=1913"}],"curies":[{"name":"wp","href":"https:\/\/api.w.org\/{rel}","templated":true}]}}