{"id":537,"date":"2025-02-10T02:18:32","date_gmt":"2025-02-10T02:18:32","guid":{"rendered":"https:\/\/annecy-travel-coach.com\/thank-you\/"},"modified":"2025-04-03T07:56:58","modified_gmt":"2025-04-03T07:56:58","slug":"%e8%b0%a2%e8%b0%a2","status":"publish","type":"page","link":"https:\/\/annecy-travel-coach.com\/zh\/%e8%b0%a2%e8%b0%a2\/","title":{"rendered":"\u8c22\u8c22"},"content":{"rendered":"<h2 data-start=\"64\" data-end=\"111\">\u60a8\u7684\u8ba2\u9605\u5df2\u6210\u529f\u6fc0\u6d3b \u2705<\/h2>\n<p class=\"\" data-start=\"113\" data-end=\"397\">\u8c22\u8c22\u60a8\u7684\u4fe1\u4efb\uff01<br data-start=\"141\" data-end=\"144\" \/>\u60a8\u73b0\u5728\u53ef\u4ee5\u5b8c\u5168\u8bbf\u95ee\u6211\u4eec\u7684 <strong data-start=\"189\" data-end=\"219\">\u963f\u7eb3\u897f\u65c5\u6e38\u6307\u5357<\/strong>.\u63a2\u7d22\u6211\u4eec\u6240\u6709\u7684\u8def\u7ebf\u3001\u72ec\u5bb6\u63d0\u793a\u3001\u597d\u5730\u5740\u548c\u5f53\u5730\u53d1\u73b0\uff0c\u8ba9\u60a8\u5728\u5b89\u7eb3\u897f\u7684\u9017\u7559\u53d1\u6325\u6700\u5927\u4ef7\u503c\u3002\u795d\u60a8\u6e38\u89c8\u6109\u5feb\ud83c\udf3f\ud83c\udfd4\ufe0f<\/p>","protected":false},"excerpt":{"rendered":"<p>\u60a8\u7684\u8ba2\u9605\u5df2\u6210\u529f\u6fc0\u6d3b \u2705 \u611f\u8c22\u60a8\u7684\u4fe1\u4efb\uff01\u60a8\u73b0\u5728\u53ef\u4ee5\u5b8c\u5168\u8bbf\u95ee\u6211\u4eec\u7684\u5b89\u7eb3\u897f\u65c5\u6e38\u6307\u5357\u3002\u73b0\u5728\u5c31\u6d4f\u89c8\u6211\u4eec\u6240\u6709\u7684\u65c5\u6e38\u7ebf\u8def\u3001\u72ec\u5bb6\u63d0\u793a\u3001\u597d\u5730\u5740\u548c\u5f53\u5730\u53d1\u73b0\uff0c\u8ba9\u60a8\u5728\u5b89\u7eb3\u897f\u9017\u7559\u671f\u95f4\u6536\u83b7\u6ee1\u6ee1\u3002\u795d\u60a8\u65c5\u9014\u6109\u5feb\ud83c\udf3f\ud83c\udfd4\ufe0f<\/p>","protected":false},"author":1,"featured_media":0,"parent":0,"menu_order":0,"comment_status":"closed","ping_status":"closed","template":"","meta":{"_acf_changed":false,"_breakdance_hide_in_design_set":false,"_breakdance_tags":"","footnotes":""},"class_list":["post-537","page","type-page","status-publish","hentry"],"acf":[],"yoast_head":"<!-- This site is optimized with the Yoast SEO plugin v27.4 - https:\/\/yoast.com\/product\/yoast-seo-wordpress\/ -->\n<title>Merci - Annecy Travel Coach<\/title>\n<meta name=\"description\" content=\"Merci pour votre visite sur notre guide touristique d&#039;Annecy ! D\u00e9couvrez des informations compl\u00e9mentaires et restez inform\u00e9 des derni\u00e8res nouveaut\u00e9s et \u00e9v\u00e9nements.\" \/>\n<meta name=\"robots\" content=\"index, follow, max-snippet:-1, max-image-preview:large, max-video-preview:-1\" \/>\n<link rel=\"canonical\" href=\"https:\/\/annecy-travel-coach.com\/zh\/\u8c22\u8c22\/\" \/>\n<meta property=\"og:locale\" content=\"zh_CN\" \/>\n<meta property=\"og:type\" content=\"article\" \/>\n<meta property=\"og:title\" content=\"Merci - Annecy Travel Coach\" \/>\n<meta property=\"og:description\" content=\"Merci pour votre visite sur notre guide touristique d&#039;Annecy ! D\u00e9couvrez des informations compl\u00e9mentaires et restez inform\u00e9 des derni\u00e8res nouveaut\u00e9s et \u00e9v\u00e9nements.\" \/>\n<meta property=\"og:url\" content=\"https:\/\/annecy-travel-coach.com\/zh\/\u8c22\u8c22\/\" \/>\n<meta property=\"og:site_name\" content=\"Annecy Travel Coach\" \/>\n<meta property=\"article:modified_time\" content=\"2025-04-03T07:56:58+00:00\" \/>\n<meta property=\"og:image\" content=\"https:\/\/annecy-travel-coach.com\/wp-content\/uploads\/2025\/04\/cropped-logo-annecy-travel-coach.png\" \/>\n\t<meta property=\"og:image:width\" content=\"512\" \/>\n\t<meta property=\"og:image:height\" content=\"512\" \/>\n\t<meta property=\"og:image:type\" content=\"image\/png\" \/>\n<meta name=\"twitter:card\" content=\"summary_large_image\" \/>\n<meta name=\"twitter:label1\" content=\"\u9884\u8ba1\u9605\u8bfb\u65f6\u95f4\" \/>\n\t<meta name=\"twitter:data1\" content=\"1 \u5206\" \/>\n<script type=\"application\/ld+json\" class=\"yoast-schema-graph\">{\"@context\":\"https:\\\/\\\/schema.org\",\"@graph\":[{\"@type\":\"WebPage\",\"@id\":\"https:\\\/\\\/annecy-travel-coach.com\\\/merci\\\/\",\"url\":\"https:\\\/\\\/annecy-travel-coach.com\\\/merci\\\/\",\"name\":\"Merci - Annecy Travel Coach\",\"isPartOf\":{\"@id\":\"https:\\\/\\\/www.annecy-travel-coach.com\\\/fr\\\/#website\"},\"datePublished\":\"2025-02-10T02:18:32+00:00\",\"dateModified\":\"2025-04-03T07:56:58+00:00\",\"description\":\"Merci pour votre visite sur notre guide touristique d'Annecy ! D\u00e9couvrez des informations compl\u00e9mentaires et restez inform\u00e9 des derni\u00e8res nouveaut\u00e9s et \u00e9v\u00e9nements.\",\"breadcrumb\":{\"@id\":\"https:\\\/\\\/annecy-travel-coach.com\\\/merci\\\/#breadcrumb\"},\"inLanguage\":\"zh-Hans\",\"potentialAction\":[{\"@type\":\"ReadAction\",\"target\":[\"https:\\\/\\\/annecy-travel-coach.com\\\/merci\\\/\"]}]},{\"@type\":\"BreadcrumbList\",\"@id\":\"https:\\\/\\\/annecy-travel-coach.com\\\/merci\\\/#breadcrumb\",\"itemListElement\":[{\"@type\":\"ListItem\",\"position\":1,\"name\":\"Accueil\",\"item\":\"https:\\\/\\\/annecy-travel-coach.com\\\/\"},{\"@type\":\"ListItem\",\"position\":2,\"name\":\"Merci\"}]},{\"@type\":\"WebSite\",\"@id\":\"https:\\\/\\\/www.annecy-travel-coach.com\\\/fr\\\/#website\",\"url\":\"https:\\\/\\\/www.annecy-travel-coach.com\\\/fr\\\/\",\"name\":\"Annecy Travel Coach\",\"description\":\"Le guide qui simplifie votre s\u00e9jour \u00e0 Annecy\",\"publisher\":{\"@id\":\"https:\\\/\\\/www.annecy-travel-coach.com\\\/fr\\\/#organization\"},\"potentialAction\":[{\"@type\":\"SearchAction\",\"target\":{\"@type\":\"EntryPoint\",\"urlTemplate\":\"https:\\\/\\\/www.annecy-travel-coach.com\\\/fr\\\/?s={search_term_string}\"},\"query-input\":{\"@type\":\"PropertyValueSpecification\",\"valueRequired\":true,\"valueName\":\"search_term_string\"}}],\"inLanguage\":\"zh-Hans\"},{\"@type\":\"Organization\",\"@id\":\"https:\\\/\\\/www.annecy-travel-coach.com\\\/fr\\\/#organization\",\"name\":\"Annecy Travel Coach\",\"url\":\"https:\\\/\\\/www.annecy-travel-coach.com\\\/fr\\\/\",\"logo\":{\"@type\":\"ImageObject\",\"inLanguage\":\"zh-Hans\",\"@id\":\"https:\\\/\\\/www.annecy-travel-coach.com\\\/fr\\\/#\\\/schema\\\/logo\\\/image\\\/\",\"url\":\"https:\\\/\\\/annecy-travel-coach.com\\\/wp-content\\\/uploads\\\/2025\\\/04\\\/cropped-logo-annecy-travel-coach.png\",\"contentUrl\":\"https:\\\/\\\/annecy-travel-coach.com\\\/wp-content\\\/uploads\\\/2025\\\/04\\\/cropped-logo-annecy-travel-coach.png\",\"width\":512,\"height\":512,\"caption\":\"Annecy Travel Coach\"},\"image\":{\"@id\":\"https:\\\/\\\/www.annecy-travel-coach.com\\\/fr\\\/#\\\/schema\\\/logo\\\/image\\\/\"},\"sameAs\":[\"https:\\\/\\\/www.instagram.com\\\/annecy_travel_coach\\\/\"]}]}<\/script>\n<!-- \/ Yoast SEO plugin. -->","yoast_head_json":{"title":"\u8c22\u8c22 - \u5b89\u7eb3\u897f\u65c5\u6e38\u6307\u5357","description":"\u611f\u8c22\u60a8\u8bbf\u95ee\u6211\u4eec\u7684\u5b89\u7eb3\u897f\u65c5\u6e38\u6307\u5357\uff01\u4e86\u89e3\u66f4\u591a\u4fe1\u606f\uff0c\u968f\u65f6\u638c\u63e1\u6700\u65b0\u6d88\u606f\u548c\u6d3b\u52a8\u3002","robots":{"index":"index","follow":"follow","max-snippet":"max-snippet:-1","max-image-preview":"max-image-preview:large","max-video-preview":"max-video-preview:-1"},"canonical":"https:\/\/annecy-travel-coach.com\/zh\/\u8c22\u8c22\/","og_locale":"zh_CN","og_type":"article","og_title":"Merci - Annecy Travel Coach","og_description":"Merci pour votre visite sur notre guide touristique d'Annecy ! D\u00e9couvrez des informations compl\u00e9mentaires et restez inform\u00e9 des derni\u00e8res nouveaut\u00e9s et \u00e9v\u00e9nements.","og_url":"https:\/\/annecy-travel-coach.com\/zh\/\u8c22\u8c22\/","og_site_name":"Annecy Travel Coach","article_modified_time":"2025-04-03T07:56:58+00:00","og_image":[{"width":512,"height":512,"url":"https:\/\/annecy-travel-coach.com\/wp-content\/uploads\/2025\/04\/cropped-logo-annecy-travel-coach.png","type":"image\/png"}],"twitter_card":"summary_large_image","twitter_misc":{"\u9884\u8ba1\u9605\u8bfb\u65f6\u95f4":"1 \u5206"},"schema":{"@context":"https:\/\/schema.org","@graph":[{"@type":"WebPage","@id":"https:\/\/annecy-travel-coach.com\/merci\/","url":"https:\/\/annecy-travel-coach.com\/merci\/","name":"\u8c22\u8c22 - \u5b89\u7eb3\u897f\u65c5\u6e38\u6307\u5357","isPartOf":{"@id":"https:\/\/www.annecy-travel-coach.com\/fr\/#website"},"datePublished":"2025-02-10T02:18:32+00:00","dateModified":"2025-04-03T07:56:58+00:00","description":"\u611f\u8c22\u60a8\u8bbf\u95ee\u6211\u4eec\u7684\u5b89\u7eb3\u897f\u65c5\u6e38\u6307\u5357\uff01\u4e86\u89e3\u66f4\u591a\u4fe1\u606f\uff0c\u968f\u65f6\u638c\u63e1\u6700\u65b0\u6d88\u606f\u548c\u6d3b\u52a8\u3002","breadcrumb":{"@id":"https:\/\/annecy-travel-coach.com\/merci\/#breadcrumb"},"inLanguage":"zh-Hans","potentialAction":[{"@type":"ReadAction","target":["https:\/\/annecy-travel-coach.com\/merci\/"]}]},{"@type":"BreadcrumbList","@id":"https:\/\/annecy-travel-coach.com\/merci\/#breadcrumb","itemListElement":[{"@type":"ListItem","position":1,"name":"Accueil","item":"https:\/\/annecy-travel-coach.com\/"},{"@type":"ListItem","position":2,"name":"Merci"}]},{"@type":"WebSite","@id":"https:\/\/www.annecy-travel-coach.com\/fr\/#website","url":"https:\/\/www.annecy-travel-coach.com\/fr\/","name":"Annecy Travel Coach","description":"\u8ba9\u60a8\u5728\u5b89\u7eb3\u897f\u9017\u7559\u66f4\u8f7b\u677e\u7684\u6307\u5357","publisher":{"@id":"https:\/\/www.annecy-travel-coach.com\/fr\/#organization"},"potentialAction":[{"@type":"SearchAction","target":{"@type":"EntryPoint","urlTemplate":"https:\/\/www.annecy-travel-coach.com\/fr\/?s={search_term_string}"},"query-input":{"@type":"PropertyValueSpecification","valueRequired":true,"valueName":"search_term_string"}}],"inLanguage":"zh-Hans"},{"@type":"Organization","@id":"https:\/\/www.annecy-travel-coach.com\/fr\/#organization","name":"Annecy Travel Coach","url":"https:\/\/www.annecy-travel-coach.com\/fr\/","logo":{"@type":"ImageObject","inLanguage":"zh-Hans","@id":"https:\/\/www.annecy-travel-coach.com\/fr\/#\/schema\/logo\/image\/","url":"https:\/\/annecy-travel-coach.com\/wp-content\/uploads\/2025\/04\/cropped-logo-annecy-travel-coach.png","contentUrl":"https:\/\/annecy-travel-coach.com\/wp-content\/uploads\/2025\/04\/cropped-logo-annecy-travel-coach.png","width":512,"height":512,"caption":"Annecy Travel Coach"},"image":{"@id":"https:\/\/www.annecy-travel-coach.com\/fr\/#\/schema\/logo\/image\/"},"sameAs":["https:\/\/www.instagram.com\/annecy_travel_coach\/"]}]}},"_links":{"self":[{"href":"https:\/\/annecy-travel-coach.com\/zh\/wp-json\/wp\/v2\/pages\/537","targetHints":{"allow":["GET"]}}],"collection":[{"href":"https:\/\/annecy-travel-coach.com\/zh\/wp-json\/wp\/v2\/pages"}],"about":[{"href":"https:\/\/annecy-travel-coach.com\/zh\/wp-json\/wp\/v2\/types\/page"}],"author":[{"embeddable":true,"href":"https:\/\/annecy-travel-coach.com\/zh\/wp-json\/wp\/v2\/users\/1"}],"replies":[{"embeddable":true,"href":"https:\/\/annecy-travel-coach.com\/zh\/wp-json\/wp\/v2\/comments?post=537"}],"version-history":[{"count":3,"href":"https:\/\/annecy-travel-coach.com\/zh\/wp-json\/wp\/v2\/pages\/537\/revisions"}],"predecessor-version":[{"id":2031,"href":"https:\/\/annecy-travel-coach.com\/zh\/wp-json\/wp\/v2\/pages\/537\/revisions\/2031"}],"wp:attachment":[{"href":"https:\/\/annecy-travel-coach.com\/zh\/wp-json\/wp\/v2\/media?parent=537"}],"curies":[{"name":"wp","href":"https:\/\/api.w.org\/{rel}","templated":true}]}}